{"id":268,"date":"2017-03-13T15:53:05","date_gmt":"2017-03-13T15:53:05","guid":{"rendered":"https:\/\/www.foresteriavenezia.it\/casa-ferie-chianti-prezzi-economici\/"},"modified":"2019-06-12T16:38:28","modified_gmt":"2019-06-12T16:38:28","slug":"guenstige-zimmer-zentrum-venedig","status":"publish","type":"page","link":"https:\/\/www.foresteriavenezia.it\/de\/guenstige-zimmer-zentrum-venedig\/","title":{"rendered":"Unsere Zimmer"},"content":{"rendered":"<p>Das Waldenser G\u00e4stehaus in\u00a0<strong>Venedig bietet g\u00fcnstige Zimmer im historischen Zentrum<\/strong>. Es verf\u00fcgt \u00fcber Zimmer mit insgesamt \u2013 in Einzelzimmer, Doppelzimmer, Familienzimmer und Schlafr\u00e4ume\u00a0<span lang=\"DE\" style=\"font-size: 13.5pt; font-family: Arial; color: #333333;\">f\u00fcr Gruppen.<\/span><\/p>\n<p>Das komfortable und behagliche Ambiente ist ideal f\u00fcr Einzelreisende, Familien und Gruppen. In die oberen Stockwerke f\u00fchrt ein Aufzug.<\/p>\n","protected":false},"excerpt":{"rendered":"<p>Das Waldenser G\u00e4stehaus in\u00a0Venedig bietet g\u00fcnstige Zimmer im historischen Zentrum. Es verf\u00fcgt \u00fcber Zimmer mit insgesamt \u2013 in Einzelzimmer, Doppelzimmer, Familienzimmer und Schlafr\u00e4ume\u00a0f\u00fcr Gruppen. Das komfortable und behagliche Ambiente ist ideal f\u00fcr Einzelreisende, Familien und Gruppen. In die oberen Stockwerke f\u00fchrt ein Aufzug.<\/p>\n","protected":false},"author":1,"featured_media":0,"parent":0,"menu_order":0,"comment_status":"closed","ping_status":"closed","template":"templates\/rooms.php","meta":{"_monsterinsights_skip_tracking":false,"_monsterinsights_sitenote_active":false,"_monsterinsights_sitenote_note":"","_monsterinsights_sitenote_category":0,"footnotes":""},"class_list":["post-268","page","type-page","status-publish","hentry"],"yoast_head":"<!-- This site is optimized with the Yoast SEO plugin v24.8.1 - https:\/\/yoast.com\/wordpress\/plugins\/seo\/ -->\n<title>G\u00fcnstige Zimmer im Zentrum von Venedig | Foresteria Valdese Venezia<\/title>\n<meta name=\"description\" content=\"Das Waldenser G\u00e4stehaus in Venedig bietet g\u00fcnstige Zimmer im historischen Zentrum, mit originalen Fresken und Blick auf den Kanal.\" \/>\n<meta name=\"robots\" content=\"index, follow, max-snippet:-1, max-image-preview:large, max-video-preview:-1\" \/>\n<link rel=\"canonical\" href=\"https:\/\/www.foresteriavenezia.it\/de\/guenstige-zimmer-zentrum-venedig\/\" \/>\n<meta property=\"og:locale\" content=\"de_DE\" \/>\n<meta property=\"og:type\" content=\"article\" \/>\n<meta property=\"og:title\" content=\"G\u00fcnstige Zimmer im Zentrum von Venedig | Foresteria Valdese Venezia\" \/>\n<meta property=\"og:description\" content=\"Das Waldenser G\u00e4stehaus in Venedig bietet g\u00fcnstige Zimmer im historischen Zentrum, mit originalen Fresken und Blick auf den Kanal.\" \/>\n<meta property=\"og:url\" content=\"https:\/\/www.foresteriavenezia.it\/de\/guenstige-zimmer-zentrum-venedig\/\" \/>\n<meta property=\"og:site_name\" content=\"Foresteria Valdese Venezia\" \/>\n<meta property=\"article:publisher\" content=\"https:\/\/www.facebook.com\/ForesteriaValdeseVenezia\/\" \/>\n<meta property=\"article:modified_time\" content=\"2019-06-12T16:38:28+00:00\" \/>\n<meta name=\"twitter:card\" content=\"summary_large_image\" \/>\n<meta name=\"twitter:site\" content=\"@ForesteriaVenez\" \/>\n<script type=\"application\/ld+json\" class=\"yoast-schema-graph\">{\"@context\":\"https:\/\/schema.org\",\"@graph\":[{\"@type\":\"WebPage\",\"@id\":\"https:\/\/www.foresteriavenezia.it\/de\/guenstige-zimmer-zentrum-venedig\/\",\"url\":\"https:\/\/www.foresteriavenezia.it\/de\/guenstige-zimmer-zentrum-venedig\/\",\"name\":\"G\u00fcnstige Zimmer im Zentrum von Venedig | Foresteria Valdese Venezia\",\"isPartOf\":{\"@id\":\"https:\/\/www.foresteriavenezia.it\/#website\"},\"datePublished\":\"2017-03-13T15:53:05+00:00\",\"dateModified\":\"2019-06-12T16:38:28+00:00\",\"description\":\"Das Waldenser G\u00e4stehaus in Venedig bietet g\u00fcnstige Zimmer im historischen Zentrum, mit originalen Fresken und Blick auf den Kanal.\",\"breadcrumb\":{\"@id\":\"https:\/\/www.foresteriavenezia.it\/de\/guenstige-zimmer-zentrum-venedig\/#breadcrumb\"},\"inLanguage\":\"de-DE\",\"potentialAction\":[{\"@type\":\"ReadAction\",\"target\":[\"https:\/\/www.foresteriavenezia.it\/de\/guenstige-zimmer-zentrum-venedig\/\"]}]},{\"@type\":\"BreadcrumbList\",\"@id\":\"https:\/\/www.foresteriavenezia.it\/de\/guenstige-zimmer-zentrum-venedig\/#breadcrumb\",\"itemListElement\":[{\"@type\":\"ListItem\",\"position\":1,\"name\":\"Home\",\"item\":\"https:\/\/www.foresteriavenezia.it\/de\/\"},{\"@type\":\"ListItem\",\"position\":2,\"name\":\"Unsere Zimmer\"}]},{\"@type\":\"WebSite\",\"@id\":\"https:\/\/www.foresteriavenezia.it\/#website\",\"url\":\"https:\/\/www.foresteriavenezia.it\/\",\"name\":\"Foresteria Valdese Venezia\",\"description\":\"Ferienhaus in Venedig in der N\u00e4he von Rialto und San Marco\",\"potentialAction\":[{\"@type\":\"SearchAction\",\"target\":{\"@type\":\"EntryPoint\",\"urlTemplate\":\"https:\/\/www.foresteriavenezia.it\/?s={search_term_string}\"},\"query-input\":{\"@type\":\"PropertyValueSpecification\",\"valueRequired\":true,\"valueName\":\"search_term_string\"}}],\"inLanguage\":\"de-DE\"}]}<\/script>\n<!-- \/ Yoast SEO plugin. -->","yoast_head_json":{"title":"G\u00fcnstige Zimmer im Zentrum von Venedig | Foresteria Valdese Venezia","description":"Das Waldenser G\u00e4stehaus in Venedig bietet g\u00fcnstige Zimmer im historischen Zentrum, mit originalen Fresken und Blick auf den Kanal.","robots":{"index":"index","follow":"follow","max-snippet":"max-snippet:-1","max-image-preview":"max-image-preview:large","max-video-preview":"max-video-preview:-1"},"canonical":"https:\/\/www.foresteriavenezia.it\/de\/guenstige-zimmer-zentrum-venedig\/","og_locale":"de_DE","og_type":"article","og_title":"G\u00fcnstige Zimmer im Zentrum von Venedig | Foresteria Valdese Venezia","og_description":"Das Waldenser G\u00e4stehaus in Venedig bietet g\u00fcnstige Zimmer im historischen Zentrum, mit originalen Fresken und Blick auf den Kanal.","og_url":"https:\/\/www.foresteriavenezia.it\/de\/guenstige-zimmer-zentrum-venedig\/","og_site_name":"Foresteria Valdese Venezia","article_publisher":"https:\/\/www.facebook.com\/ForesteriaValdeseVenezia\/","article_modified_time":"2019-06-12T16:38:28+00:00","twitter_card":"summary_large_image","twitter_site":"@ForesteriaVenez","schema":{"@context":"https:\/\/schema.org","@graph":[{"@type":"WebPage","@id":"https:\/\/www.foresteriavenezia.it\/de\/guenstige-zimmer-zentrum-venedig\/","url":"https:\/\/www.foresteriavenezia.it\/de\/guenstige-zimmer-zentrum-venedig\/","name":"G\u00fcnstige Zimmer im Zentrum von Venedig | Foresteria Valdese Venezia","isPartOf":{"@id":"https:\/\/www.foresteriavenezia.it\/#website"},"datePublished":"2017-03-13T15:53:05+00:00","dateModified":"2019-06-12T16:38:28+00:00","description":"Das Waldenser G\u00e4stehaus in Venedig bietet g\u00fcnstige Zimmer im historischen Zentrum, mit originalen Fresken und Blick auf den Kanal.","breadcrumb":{"@id":"https:\/\/www.foresteriavenezia.it\/de\/guenstige-zimmer-zentrum-venedig\/#breadcrumb"},"inLanguage":"de-DE","potentialAction":[{"@type":"ReadAction","target":["https:\/\/www.foresteriavenezia.it\/de\/guenstige-zimmer-zentrum-venedig\/"]}]},{"@type":"BreadcrumbList","@id":"https:\/\/www.foresteriavenezia.it\/de\/guenstige-zimmer-zentrum-venedig\/#breadcrumb","itemListElement":[{"@type":"ListItem","position":1,"name":"Home","item":"https:\/\/www.foresteriavenezia.it\/de\/"},{"@type":"ListItem","position":2,"name":"Unsere Zimmer"}]},{"@type":"WebSite","@id":"https:\/\/www.foresteriavenezia.it\/#website","url":"https:\/\/www.foresteriavenezia.it\/","name":"Foresteria Valdese Venezia","description":"Ferienhaus in Venedig in der N\u00e4he von Rialto und San Marco","potentialAction":[{"@type":"SearchAction","target":{"@type":"EntryPoint","urlTemplate":"https:\/\/www.foresteriavenezia.it\/?s={search_term_string}"},"query-input":{"@type":"PropertyValueSpecification","valueRequired":true,"valueName":"search_term_string"}}],"inLanguage":"de-DE"}]}},"_links":{"self":[{"href":"https:\/\/www.foresteriavenezia.it\/de\/wp-json\/wp\/v2\/pages\/268","targetHints":{"allow":["GET"]}}],"collection":[{"href":"https:\/\/www.foresteriavenezia.it\/de\/wp-json\/wp\/v2\/pages"}],"about":[{"href":"https:\/\/www.foresteriavenezia.it\/de\/wp-json\/wp\/v2\/types\/page"}],"author":[{"embeddable":true,"href":"https:\/\/www.foresteriavenezia.it\/de\/wp-json\/wp\/v2\/users\/1"}],"replies":[{"embeddable":true,"href":"https:\/\/www.foresteriavenezia.it\/de\/wp-json\/wp\/v2\/comments?post=268"}],"version-history":[{"count":12,"href":"https:\/\/www.foresteriavenezia.it\/de\/wp-json\/wp\/v2\/pages\/268\/revisions"}],"predecessor-version":[{"id":1712,"href":"https:\/\/www.foresteriavenezia.it\/de\/wp-json\/wp\/v2\/pages\/268\/revisions\/1712"}],"wp:attachment":[{"href":"https:\/\/www.foresteriavenezia.it\/de\/wp-json\/wp\/v2\/media?parent=268"}],"curies":[{"name":"wp","href":"https:\/\/api.w.org\/{rel}","templated":true}]}}